{"id":45,"date":"2017-11-30T09:28:46","date_gmt":"2017-11-30T08:28:46","guid":{"rendered":"http:\/\/localhost\/tierphysioweb\/?page_id=45"},"modified":"2025-03-09T12:56:50","modified_gmt":"2025-03-09T11:56:50","slug":"physiotherapie-2","status":"publish","type":"page","link":"https:\/\/kleintierphysio-juelich.de\/?page_id=45","title":{"rendered":"Physiotherapie"},"content":{"rendered":"<table>\n<tbody>\n<tr>\n<td width=\"85%\"><span style=\"font-size: large;\">In der Physiotherapie gibt es viele verschiedene M\u00f6glichkeiten ihrem Tier zu helfen. Ob Manuelle Lymphdrainage, klassische Massagen, passive und aktive Krankengymnastik oder Interferenzstromtherapie, um nur einige zu nennen.<\/span><\/br><br \/>\n<span style=\"font-size: large;\">Die manuelle Lymphdrainage dient zur Entstauung der Lymphgef\u00e4\u00dfe. Durch diese sanfte Massagen werden Fl\u00fcssigkeitsansammlungen im Gewebe verringert und das Lymphsystem wieder angeregt.<\/span><\/br><br \/>\n<span style=\"font-size: large;\">Die klassische Massage wird bei verschiedenen Problemen angewandt. Zum einen z.B. bei Lahmheiten, Verklebungen von Narbengewebe und bei Bandscheibenvorf\u00e4llen. Zum anderen wird eine Mehrdurchblutung gef\u00f6rdert durch verschiedene Massagetechniken.<\/span><\/br><br \/>\n<span style=\"font-size: large;\">Durch passive und aktive Krankengymnastik kann die Beweglichkeit wieder verbessert \/ wieder hergestellt werden. Z.B. nach Operationen, Unf\u00e4llen oder Alter. Degenerative Einschr\u00e4nkungen k\u00f6nnen verlangsamt werden, so dass l\u00e4nger Lebensfreude bestehen kann.<\/span><\/br><br \/>\n<span style=\"font-size: large;\">Die Interferenzstrom-Therapie ist eine spezielle Form der Elektrotherapie. Sie wird zur effektiven Behandlung bei Gelenk-, Sehnen- und Muskelschmerzen sowie Verspannungen eingesetzt. W\u00e4hrend der Anwendung werden verspannten Muskeln durch auf der Haut angebrachten Elektroden durch sogenannte galvanische Str\u00f6me durchflutet.<br \/>\nDies bewirkt im K\u00f6rper folgende positive Aspekte:<br \/>\n&#8211; Verbesserung der Durchblutung<br \/>\n&#8211; Anregung des Energiestoffwechsels in den Muskelzellen<br \/>\n&#8211; Abtransport von Gift- und Schlackestoffen<\/span><\/br><br \/>\n<span style=\"font-size: large;\">Ein sch\u00f6ner Artikel in der J\u00fclicher Zeitung \u00fcber meine Arbeit ist am 05.03.2025 erschienen. Diesen findest du hier.  <a href=\"https:\/\/kleintierphysio-juelich.de\/?page_id=185\">J\u00fclicher Zeitung<\/a><\/span><\/td>\n<td width=\"15%\">\n<img loading=\"lazy\" decoding=\"async\" class=\"alignnone size-medium wp-image-81\" src=\".\/wp-content\/uploads\/2025\/02\/20250211-Max1-300x296-1.jpg\" alt=\"\" width=\"300\" height=\"296\" \/><\/BR><br \/>\n<img loading=\"lazy\" decoding=\"async\" class=\"alignnone size-medium wp-image-86\" src=\".\/wp-content\/uploads\/2025\/02\/20250211-Felix-300x400-1.jpg\" alt=\"\" width=\"300\" height=\"400\" \/><\/BR><br \/>\n<img loading=\"lazy\" decoding=\"async\" class=\"alignnone size-medium wp-image-89\" src=\".\/wp-content\/uploads\/2018\/02\/Physio-Ronja4-300x239.jpg\" alt=\"\" width=\"300\" height=\"239\" srcset=\"https:\/\/kleintierphysio-juelich.de\/wp-content\/uploads\/2018\/02\/Physio-Ronja4-300x239.jpg 300w, https:\/\/kleintierphysio-juelich.de\/wp-content\/uploads\/2018\/02\/Physio-Ronja4-768x612.jpg 768w, https:\/\/kleintierphysio-juelich.de\/wp-content\/uploads\/2018\/02\/Physio-Ronja4.jpg 800w\" sizes=\"auto, (max-width: 300px) 100vw, 300px\" \/><\/BR><br \/>\n<img loading=\"lazy\" decoding=\"async\" class=\"alignnone size-medium wp-image-90\" src=\".\/wp-content\/uploads\/2018\/02\/Physio-Ronja5-300x147.jpg\" alt=\"\" width=\"300\" height=\"147\" srcset=\"https:\/\/kleintierphysio-juelich.de\/wp-content\/uploads\/2018\/02\/Physio-Ronja5-300x147.jpg 300w, https:\/\/kleintierphysio-juelich.de\/wp-content\/uploads\/2018\/02\/Physio-Ronja5-768x375.jpg 768w, https:\/\/kleintierphysio-juelich.de\/wp-content\/uploads\/2018\/02\/Physio-Ronja5.jpg 800w\" sizes=\"auto, (max-width: 300px) 100vw, 300px\" \/><\/BR><br \/>\n<img loading=\"lazy\" decoding=\"async\" class=\"alignnone size-medium wp-image-85\" src=\".\/wp-content\/uploads\/2025\/02\/20250211-Cora-300x334-1.jpg\" alt=\"\" width=\"300\" height=\"334\" \/><\/BR><\/td>\n<\/tr>\n<\/tbody>\n<\/table>\n","protected":false},"excerpt":{"rendered":"<p>In der Physiotherapie gibt es viele verschiedene M\u00f6glichkeiten ihrem Tier zu helfen. Ob Manuelle Lymphdrainage, klassische Massagen, passive und aktive Krankengymnastik oder Interferenzstromtherapie, um nur einige zu nennen. Die manuelle Lymphdrainage dient zur Entstauung der Lymphgef\u00e4\u00dfe. Durch diese sanfte Massagen werden Fl\u00fcssigkeitsansammlungen im Gewebe verringert und das Lymphsystem wieder angeregt. Die klassische Massage wird bei&#8230;<\/p>\n","protected":false},"author":1,"featured_media":0,"parent":0,"menu_order":0,"comment_status":"closed","ping_status":"closed","template":"","meta":{"footnotes":""},"class_list":["post-45","page","type-page","status-publish","hentry"],"_links":{"self":[{"href":"https:\/\/kleintierphysio-juelich.de\/index.php?rest_route=\/wp\/v2\/pages\/45","targetHints":{"allow":["GET"]}}],"collection":[{"href":"https:\/\/kleintierphysio-juelich.de\/index.php?rest_route=\/wp\/v2\/pages"}],"about":[{"href":"https:\/\/kleintierphysio-juelich.de\/index.php?rest_route=\/wp\/v2\/types\/page"}],"author":[{"embeddable":true,"href":"https:\/\/kleintierphysio-juelich.de\/index.php?rest_route=\/wp\/v2\/users\/1"}],"replies":[{"embeddable":true,"href":"https:\/\/kleintierphysio-juelich.de\/index.php?rest_route=%2Fwp%2Fv2%2Fcomments&post=45"}],"version-history":[{"count":14,"href":"https:\/\/kleintierphysio-juelich.de\/index.php?rest_route=\/wp\/v2\/pages\/45\/revisions"}],"predecessor-version":[{"id":198,"href":"https:\/\/kleintierphysio-juelich.de\/index.php?rest_route=\/wp\/v2\/pages\/45\/revisions\/198"}],"wp:attachment":[{"href":"https:\/\/kleintierphysio-juelich.de\/index.php?rest_route=%2Fwp%2Fv2%2Fmedia&parent=45"}],"curies":[{"name":"wp","href":"https:\/\/api.w.org\/{rel}","templated":true}]}}